{"id":1063,"date":"2023-05-08T09:33:52","date_gmt":"2023-05-08T07:33:52","guid":{"rendered":"http:\/\/sifra.wgscto1mes-zqy3jpv9q3kg.p.temp-site.link\/?page_id=1063"},"modified":"2023-05-08T09:40:17","modified_gmt":"2023-05-08T07:40:17","slug":"por-fesr","status":"publish","type":"page","link":"https:\/\/www.sifrainternational.com\/fr\/efrd\/","title":{"rendered":"Por Fesr"},"content":{"rendered":"<div data-elementor-type=\"wp-page\" data-elementor-id=\"1063\" class=\"elementor elementor-1063\" data-elementor-post-type=\"page\">\n\t\t\t\t\t\t<section class=\"elementor-section elementor-top-section elementor-element elementor-element-ylhjvmm elementor-section-content-middle elementor-section-full_width elementor-section-height-default elementor-section-height-default\" data-id=\"ylhjvmm\" data-element_type=\"section\" data-settings=\"{&quot;background_background&quot;:&quot;classic&quot;}\">\n\t\t\t\t\t\t\t<div class=\"elementor-background-overlay\"><\/div>\n\t\t\t\t\t\t\t<div class=\"elementor-container elementor-column-gap-no\">\n\t\t\t\t\t<div class=\"elementor-column elementor-col-50 elementor-top-column elementor-element elementor-element-4adad99\" data-id=\"4adad99\" data-element_type=\"column\">\n\t\t\t<div class=\"elementor-widget-wrap elementor-element-populated\">\n\t\t\t\t\t\t<div class=\"elementor-element elementor-element-d0d6190 elementor-widget elementor-widget-heading\" data-id=\"d0d6190\" data-element_type=\"widget\" data-widget_type=\"heading.default\">\n\t\t\t\t<div class=\"elementor-widget-container\">\n\t\t\t<h1 class=\"elementor-heading-title elementor-size-default\">POR FEDER R\u00e9gion Lombardie<\/h1>\t\t<\/div>\n\t\t\t\t<\/div>\n\t\t\t\t<div class=\"elementor-element elementor-element-57c307d elementor-hidden-desktop elementor-hidden-tablet elementor-widget elementor-widget-button\" data-id=\"57c307d\" data-element_type=\"widget\" data-widget_type=\"button.default\">\n\t\t\t\t<div class=\"elementor-widget-container\">\n\t\t\t\t\t<div class=\"elementor-button-wrapper\">\n\t\t\t<a class=\"elementor-button elementor-button-link elementor-size-sm\" href=\"tel: 390303581950\">\n\t\t\t\t\t\t<span class=\"elementor-button-content-wrapper\">\n\t\t\t\t\t\t\t\t\t<span class=\"elementor-button-text\">Appelez<\/span>\n\t\t\t\t\t<\/span>\n\t\t\t\t\t<\/a>\n\t\t<\/div>\n\t\t\t\t<\/div>\n\t\t\t\t<\/div>\n\t\t\t\t\t<\/div>\n\t\t<\/div>\n\t\t\t\t<div class=\"elementor-column elementor-col-50 elementor-top-column elementor-element elementor-element-201d3a3\" data-id=\"201d3a3\" data-element_type=\"column\">\n\t\t\t<div class=\"elementor-widget-wrap elementor-element-populated\">\n\t\t\t\t\t\t<div class=\"elementor-element elementor-element-70d8285 elementor-widget elementor-widget-image\" data-id=\"70d8285\" data-element_type=\"widget\" data-widget_type=\"image.default\">\n\t\t\t\t<div class=\"elementor-widget-container\">\n\t\t\t\t\t\t\t\t\t\t\t\t\t<img fetchpriority=\"high\" decoding=\"async\" width=\"1024\" height=\"606\" src=\"https:\/\/www.sifrainternational.com\/wp-content\/uploads\/2022\/12\/sifra-international-uffici-1024x606.jpg\" class=\"attachment-large size-large wp-image-384\" alt=\"bureaux internationaux de sifra\" srcset=\"https:\/\/www.sifrainternational.com\/wp-content\/uploads\/2022\/12\/sifra-international-uffici-1024x606.jpg 1024w, https:\/\/www.sifrainternational.com\/wp-content\/uploads\/2022\/12\/sifra-international-uffici-300x178.jpg 300w, https:\/\/www.sifrainternational.com\/wp-content\/uploads\/2022\/12\/sifra-international-uffici-768x455.jpg 768w, https:\/\/www.sifrainternational.com\/wp-content\/uploads\/2022\/12\/sifra-international-uffici-1536x909.jpg 1536w, https:\/\/www.sifrainternational.com\/wp-content\/uploads\/2022\/12\/sifra-international-uffici.jpg 1654w\" sizes=\"(max-width: 1024px) 100vw, 1024px\" \/>\t\t\t\t\t\t\t\t\t\t\t\t\t<\/div>\n\t\t\t\t<\/div>\n\t\t\t\t\t<\/div>\n\t\t<\/div>\n\t\t\t\t\t<\/div>\n\t\t<\/section>\n\t\t\t\t<section class=\"elementor-section elementor-top-section elementor-element elementor-element-212dbcf elementor-section-boxed elementor-section-height-default elementor-section-height-default\" data-id=\"212dbcf\" data-element_type=\"section\">\n\t\t\t\t\t\t<div class=\"elementor-container elementor-column-gap-default\">\n\t\t\t\t\t<div class=\"elementor-column elementor-col-100 elementor-top-column elementor-element elementor-element-23393ff\" data-id=\"23393ff\" data-element_type=\"column\">\n\t\t\t<div class=\"elementor-widget-wrap elementor-element-populated\">\n\t\t\t\t\t\t<div class=\"elementor-element elementor-element-1be7f2e elementor-widget elementor-widget-text-editor\" data-id=\"1be7f2e\" data-element_type=\"widget\" data-widget_type=\"text-editor.default\">\n\t\t\t\t<div class=\"elementor-widget-container\">\n\t\t\t\t\t\t\t<p>La soci\u00e9t\u00e9 a entrepris un programme d'investissement subventionn\u00e9 dans le cadre du POR FESR Regione Lombardia, axe prioritaire III - Promotion de la comp\u00e9titivit\u00e9 des petites et moyennes entreprises - Appel \u00e0 investissements pour la relance 2022 : ligne d'efficacit\u00e9 \u00e9nerg\u00e9tique du processus de production des micro et petites entreprises manufacturi\u00e8res.<\/p><p>Gr\u00e2ce \u00e0 ce projet subventionn\u00e9, l'entreprise a atteint les objectifs suivants :<\/p><ul><li>Achat et installation d'un syst\u00e8me photovolta\u00efque pour l'autoproduction ;<\/li><li>Achat et installation de machines et d'\u00e9quipements pour remplacer les machines et \u00e9quipements utilis\u00e9s sur le site de production ;<\/li><li>Achat et installation de luminaires LED (relamping).<\/li><\/ul><p>Gr\u00e2ce \u00e0 l'instrument de facilitation, l'entreprise a b\u00e9n\u00e9fici\u00e9 des avantages suivants :<\/p><p>- Contribution de 50 000,00 \u20ac.<\/p>\t\t\t\t\t\t<\/div>\n\t\t\t\t<\/div>\n\t\t\t\t\t<\/div>\n\t\t<\/div>\n\t\t\t\t\t<\/div>\n\t\t<\/section>\n\t\t\t\t<section class=\"elementor-section elementor-top-section elementor-element elementor-element-a13f5d4 elementor-section-boxed elementor-section-height-default elementor-section-height-default\" data-id=\"a13f5d4\" data-element_type=\"section\">\n\t\t\t\t\t\t<div class=\"elementor-container elementor-column-gap-default\">\n\t\t\t\t\t<div class=\"elementor-column elementor-col-100 elementor-top-column elementor-element elementor-element-c3688b8\" data-id=\"c3688b8\" data-element_type=\"column\">\n\t\t\t<div class=\"elementor-widget-wrap elementor-element-populated\">\n\t\t\t\t\t\t<div class=\"elementor-element elementor-element-48dd061 elementor-widget elementor-widget-image\" data-id=\"48dd061\" data-element_type=\"widget\" data-widget_type=\"image.default\">\n\t\t\t\t<div class=\"elementor-widget-container\">\n\t\t\t\t\t\t\t\t\t\t\t\t\t<img decoding=\"async\" width=\"1024\" height=\"158\" src=\"https:\/\/www.sifrainternational.com\/wp-content\/uploads\/2023\/05\/LOGO-FESR-PER-SITO-1024x158.jpg\" class=\"attachment-large size-large wp-image-1073\" alt=\"\" srcset=\"https:\/\/www.sifrainternational.com\/wp-content\/uploads\/2023\/05\/LOGO-FESR-PER-SITO-1024x158.jpg 1024w, https:\/\/www.sifrainternational.com\/wp-content\/uploads\/2023\/05\/LOGO-FESR-PER-SITO-300x46.jpg 300w, https:\/\/www.sifrainternational.com\/wp-content\/uploads\/2023\/05\/LOGO-FESR-PER-SITO-768x118.jpg 768w, https:\/\/www.sifrainternational.com\/wp-content\/uploads\/2023\/05\/LOGO-FESR-PER-SITO-1536x236.jpg 1536w, https:\/\/www.sifrainternational.com\/wp-content\/uploads\/2023\/05\/LOGO-FESR-PER-SITO-2048x315.jpg 2048w, https:\/\/www.sifrainternational.com\/wp-content\/uploads\/2023\/05\/LOGO-FESR-PER-SITO-18x3.jpg 18w\" sizes=\"(max-width: 1024px) 100vw, 1024px\" \/>\t\t\t\t\t\t\t\t\t\t\t\t\t<\/div>\n\t\t\t\t<\/div>\n\t\t\t\t\t<\/div>\n\t\t<\/div>\n\t\t\t\t\t<\/div>\n\t\t<\/section>\n\t\t\t\t<\/div>","protected":false},"excerpt":{"rendered":"<p>Appel POR FESR Regione Lombardia La soci\u00e9t\u00e9 a entrepris un programme d'investissement subventionn\u00e9 dans le cadre du POR FESR Regione Lombardia, Axe prioritaire III - Promotion de la comp\u00e9titivit\u00e9 des petites et moyennes entreprises - Appel \u00e0 l'investissement pour la relance 2022 : ligne d'efficacit\u00e9 \u00e9nerg\u00e9tique du processus de production des micro et petites entreprises manufacturi\u00e8res. Gr\u00e2ce au projet subventionn\u00e9 [...]<\/p>","protected":false},"author":2,"featured_media":0,"parent":0,"menu_order":0,"comment_status":"closed","ping_status":"closed","template":"","meta":{"site-sidebar-layout":"no-sidebar","site-content-layout":"page-builder","ast-site-content-layout":"","site-content-style":"default","site-sidebar-style":"default","ast-global-header-display":"","ast-banner-title-visibility":"","ast-main-header-display":"","ast-hfb-above-header-display":"","ast-hfb-below-header-display":"","ast-hfb-mobile-header-display":"","site-post-title":"disabled","ast-breadcrumbs-content":"","ast-featured-img":"disabled","footer-sml-layout":"","theme-transparent-header-meta":"","adv-header-id-meta":"","stick-header-meta":"","header-above-stick-meta":"","header-main-stick-meta":"","header-below-stick-meta":"","astra-migrate-meta-layouts":"default","ast-page-background-enabled":"default","ast-page-background-meta":{"desktop":{"background-color":"var(--ast-global-color-4)","background-image":"","background-repeat":"repeat","background-position":"center center","background-size":"auto","background-attachment":"scroll","background-type":"","background-media":"","overlay-type":"","overlay-color":"","overlay-gradient":""},"tablet":{"background-color":"","background-image":"","background-repeat":"repeat","background-position":"center center","background-size":"auto","background-attachment":"scroll","background-type":"","background-media":"","overlay-type":"","overlay-color":"","overlay-gradient":""},"mobile":{"background-color":"","background-image":"","background-repeat":"repeat","background-position":"center center","background-size":"auto","background-attachment":"scroll","background-type":"","background-media":"","overlay-type":"","overlay-color":"","overlay-gradient":""}},"ast-content-background-meta":{"desktop":{"background-color":"var(--ast-global-color-5)","background-image":"","background-repeat":"repeat","background-position":"center center","background-size":"auto","background-attachment":"scroll","background-type":"","background-media":"","overlay-type":"","overlay-color":"","overlay-gradient":""},"tablet":{"background-color":"var(--ast-global-color-5)","background-image":"","background-repeat":"repeat","background-position":"center center","background-size":"auto","background-attachment":"scroll","background-type":"","background-media":"","overlay-type":"","overlay-color":"","overlay-gradient":""},"mobile":{"background-color":"var(--ast-global-color-5)","background-image":"","background-repeat":"repeat","background-position":"center center","background-size":"auto","background-attachment":"scroll","background-type":"","background-media":"","overlay-type":"","overlay-color":"","overlay-gradient":""}},"footnotes":""},"class_list":["post-1063","page","type-page","status-publish","hentry"],"yoast_head":"<!-- This site is optimized with the Yoast SEO plugin v21.8.1 - https:\/\/yoast.com\/wordpress\/plugins\/seo\/ -->\n<title>Por Fesr - Sifra International<\/title>\n<meta name=\"description\" content=\"Contatti Sifra International Via G. di Vittorio 4\/a 25125 Brescia - Italy Telefono +39 030 3581950\" \/>\n<meta name=\"robots\" content=\"index, follow, max-snippet:-1, max-image-preview:large, max-video-preview:-1\" \/>\n<link rel=\"canonical\" href=\"https:\/\/www.sifrainternational.com\/fr\/efrd\/\" \/>\n<meta property=\"og:locale\" content=\"fr_FR\" \/>\n<meta property=\"og:type\" content=\"article\" \/>\n<meta property=\"og:title\" content=\"Por Fesr - Sifra International\" \/>\n<meta property=\"og:description\" content=\"Contatti Sifra International Via G. di Vittorio 4\/a 25125 Brescia - Italy Telefono +39 030 3581950\" \/>\n<meta property=\"og:url\" content=\"https:\/\/www.sifrainternational.com\/fr\/efrd\/\" \/>\n<meta property=\"og:site_name\" content=\"Sifra International\" \/>\n<meta property=\"article:modified_time\" content=\"2023-05-08T07:40:17+00:00\" \/>\n<meta property=\"og:image\" content=\"https:\/\/www.sifrainternational.com\/wp-content\/uploads\/2022\/12\/sifra-international-uffici-1024x606.jpg\" \/>\n<meta name=\"twitter:card\" content=\"summary_large_image\" \/>\n<meta name=\"twitter:label1\" content=\"Dur\u00e9e de lecture estim\u00e9e\" \/>\n\t<meta name=\"twitter:data1\" content=\"1 minute\" \/>\n<script type=\"application\/ld+json\" class=\"yoast-schema-graph\">{\"@context\":\"https:\/\/schema.org\",\"@graph\":[{\"@type\":\"WebPage\",\"@id\":\"https:\/\/www.sifrainternational.com\/por-fesr\/\",\"url\":\"https:\/\/www.sifrainternational.com\/por-fesr\/\",\"name\":\"Por Fesr - Sifra International\",\"isPartOf\":{\"@id\":\"https:\/\/www.sifrainternational.com\/#website\"},\"datePublished\":\"2023-05-08T07:33:52+00:00\",\"dateModified\":\"2023-05-08T07:40:17+00:00\",\"description\":\"Contatti Sifra International Via G. di Vittorio 4\/a 25125 Brescia - Italy Telefono +39 030 3581950\",\"breadcrumb\":{\"@id\":\"https:\/\/www.sifrainternational.com\/por-fesr\/#breadcrumb\"},\"inLanguage\":\"fr-FR\",\"potentialAction\":[{\"@type\":\"ReadAction\",\"target\":[\"https:\/\/www.sifrainternational.com\/por-fesr\/\"]}]},{\"@type\":\"BreadcrumbList\",\"@id\":\"https:\/\/www.sifrainternational.com\/por-fesr\/#breadcrumb\",\"itemListElement\":[{\"@type\":\"ListItem\",\"position\":1,\"name\":\"Home\",\"item\":\"https:\/\/www.sifrainternational.com\/\"},{\"@type\":\"ListItem\",\"position\":2,\"name\":\"Por Fesr\"}]},{\"@type\":\"WebSite\",\"@id\":\"https:\/\/www.sifrainternational.com\/#website\",\"url\":\"https:\/\/www.sifrainternational.com\/\",\"name\":\"Sifra International\",\"description\":\"\",\"publisher\":{\"@id\":\"https:\/\/www.sifrainternational.com\/#organization\"},\"alternateName\":\"Sifra International\",\"potentialAction\":[{\"@type\":\"SearchAction\",\"target\":{\"@type\":\"EntryPoint\",\"urlTemplate\":\"https:\/\/www.sifrainternational.com\/?s={search_term_string}\"},\"query-input\":\"required name=search_term_string\"}],\"inLanguage\":\"fr-FR\"},{\"@type\":\"Organization\",\"@id\":\"https:\/\/www.sifrainternational.com\/#organization\",\"name\":\"Sifra International\",\"url\":\"https:\/\/www.sifrainternational.com\/\",\"logo\":{\"@type\":\"ImageObject\",\"inLanguage\":\"fr-FR\",\"@id\":\"https:\/\/www.sifrainternational.com\/#\/schema\/logo\/image\/\",\"url\":\"https:\/\/www.sifrainternational.com\/wp-content\/uploads\/2022\/11\/logo_big.png\",\"contentUrl\":\"https:\/\/www.sifrainternational.com\/wp-content\/uploads\/2022\/11\/logo_big.png\",\"width\":491,\"height\":319,\"caption\":\"Sifra International\"},\"image\":{\"@id\":\"https:\/\/www.sifrainternational.com\/#\/schema\/logo\/image\/\"}}]}<\/script>\n<!-- \/ Yoast SEO plugin. -->","yoast_head_json":{"title":"Por Fesr - Sifra International","description":"Contatti Sifra International Via G. di Vittorio 4\/a 25125 Brescia - Italy Telefono +39 030 3581950","robots":{"index":"index","follow":"follow","max-snippet":"max-snippet:-1","max-image-preview":"max-image-preview:large","max-video-preview":"max-video-preview:-1"},"canonical":"https:\/\/www.sifrainternational.com\/fr\/efrd\/","og_locale":"fr_FR","og_type":"article","og_title":"Por Fesr - Sifra International","og_description":"Contatti Sifra International Via G. di Vittorio 4\/a 25125 Brescia - Italy Telefono +39 030 3581950","og_url":"https:\/\/www.sifrainternational.com\/fr\/efrd\/","og_site_name":"Sifra International","article_modified_time":"2023-05-08T07:40:17+00:00","og_image":[{"url":"https:\/\/www.sifrainternational.com\/wp-content\/uploads\/2022\/12\/sifra-international-uffici-1024x606.jpg"}],"twitter_card":"summary_large_image","twitter_misc":{"Dur\u00e9e de lecture estim\u00e9e":"1 minute"},"schema":{"@context":"https:\/\/schema.org","@graph":[{"@type":"WebPage","@id":"https:\/\/www.sifrainternational.com\/por-fesr\/","url":"https:\/\/www.sifrainternational.com\/por-fesr\/","name":"Por Fesr - Sifra International","isPartOf":{"@id":"https:\/\/www.sifrainternational.com\/#website"},"datePublished":"2023-05-08T07:33:52+00:00","dateModified":"2023-05-08T07:40:17+00:00","description":"Contatti Sifra International Via G. di Vittorio 4\/a 25125 Brescia - Italy Telefono +39 030 3581950","breadcrumb":{"@id":"https:\/\/www.sifrainternational.com\/por-fesr\/#breadcrumb"},"inLanguage":"fr-FR","potentialAction":[{"@type":"ReadAction","target":["https:\/\/www.sifrainternational.com\/por-fesr\/"]}]},{"@type":"BreadcrumbList","@id":"https:\/\/www.sifrainternational.com\/por-fesr\/#breadcrumb","itemListElement":[{"@type":"ListItem","position":1,"name":"Home","item":"https:\/\/www.sifrainternational.com\/"},{"@type":"ListItem","position":2,"name":"Por Fesr"}]},{"@type":"WebSite","@id":"https:\/\/www.sifrainternational.com\/#website","url":"https:\/\/www.sifrainternational.com\/","name":"Sifra International","description":"","publisher":{"@id":"https:\/\/www.sifrainternational.com\/#organization"},"alternateName":"Sifra International","potentialAction":[{"@type":"SearchAction","target":{"@type":"EntryPoint","urlTemplate":"https:\/\/www.sifrainternational.com\/?s={search_term_string}"},"query-input":"required name=search_term_string"}],"inLanguage":"fr-FR"},{"@type":"Organization","@id":"https:\/\/www.sifrainternational.com\/#organization","name":"Sifra International","url":"https:\/\/www.sifrainternational.com\/","logo":{"@type":"ImageObject","inLanguage":"fr-FR","@id":"https:\/\/www.sifrainternational.com\/#\/schema\/logo\/image\/","url":"https:\/\/www.sifrainternational.com\/wp-content\/uploads\/2022\/11\/logo_big.png","contentUrl":"https:\/\/www.sifrainternational.com\/wp-content\/uploads\/2022\/11\/logo_big.png","width":491,"height":319,"caption":"Sifra International"},"image":{"@id":"https:\/\/www.sifrainternational.com\/#\/schema\/logo\/image\/"}}]}},"_links":{"self":[{"href":"https:\/\/www.sifrainternational.com\/fr\/wp-json\/wp\/v2\/pages\/1063","targetHints":{"allow":["GET"]}}],"collection":[{"href":"https:\/\/www.sifrainternational.com\/fr\/wp-json\/wp\/v2\/pages"}],"about":[{"href":"https:\/\/www.sifrainternational.com\/fr\/wp-json\/wp\/v2\/types\/page"}],"author":[{"embeddable":true,"href":"https:\/\/www.sifrainternational.com\/fr\/wp-json\/wp\/v2\/users\/2"}],"replies":[{"embeddable":true,"href":"https:\/\/www.sifrainternational.com\/fr\/wp-json\/wp\/v2\/comments?post=1063"}],"version-history":[{"count":14,"href":"https:\/\/www.sifrainternational.com\/fr\/wp-json\/wp\/v2\/pages\/1063\/revisions"}],"predecessor-version":[{"id":1079,"href":"https:\/\/www.sifrainternational.com\/fr\/wp-json\/wp\/v2\/pages\/1063\/revisions\/1079"}],"wp:attachment":[{"href":"https:\/\/www.sifrainternational.com\/fr\/wp-json\/wp\/v2\/media?parent=1063"}],"curies":[{"name":"wp","href":"https:\/\/api.w.org\/{rel}","templated":true}]}}