{"id":314,"date":"2022-12-10T10:25:40","date_gmt":"2022-12-10T10:25:40","guid":{"rendered":"http:\/\/sifra.wgscto1mes-zqy3jpv9q3kg.p.temp-site.link\/?page_id=314"},"modified":"2023-03-22T09:39:42","modified_gmt":"2023-03-22T08:39:42","slug":"rivestimenti-rulli","status":"publish","type":"page","link":"https:\/\/www.sifrainternational.com\/de\/walzenbezuge\/","title":{"rendered":"Walzenbez\u00fcge"},"content":{"rendered":"<div data-elementor-type=\"wp-page\" data-elementor-id=\"314\" class=\"elementor elementor-314\" data-elementor-post-type=\"page\">\n\t\t\t\t\t\t<section class=\"elementor-section elementor-top-section elementor-element elementor-element-62409d0 elementor-section-boxed elementor-section-height-default elementor-section-height-default\" data-id=\"62409d0\" data-element_type=\"section\" data-settings=\"{&quot;background_background&quot;:&quot;classic&quot;}\">\n\t\t\t\t\t\t\t<div class=\"elementor-background-overlay\"><\/div>\n\t\t\t\t\t\t\t<div class=\"elementor-container elementor-column-gap-default\">\n\t\t\t\t\t<div class=\"elementor-column elementor-col-100 elementor-top-column elementor-element elementor-element-85d84dd\" data-id=\"85d84dd\" data-element_type=\"column\">\n\t\t\t<div class=\"elementor-widget-wrap elementor-element-populated\">\n\t\t\t\t\t\t<div class=\"elementor-element elementor-element-bcf4473 elementor-widget elementor-widget-heading\" data-id=\"bcf4473\" data-element_type=\"widget\" data-widget_type=\"heading.default\">\n\t\t\t\t<div class=\"elementor-widget-container\">\n\t\t\t<h1 class=\"elementor-heading-title elementor-size-default\">Gummi- und Polyurethanbeschichtungen<\/h1>\t\t<\/div>\n\t\t\t\t<\/div>\n\t\t\t\t\t<\/div>\n\t\t<\/div>\n\t\t\t\t\t<\/div>\n\t\t<\/section>\n\t\t\t\t<section class=\"elementor-section elementor-top-section elementor-element elementor-element-5b58c22 elementor-section-content-middle elementor-section-boxed elementor-section-height-default elementor-section-height-default\" data-id=\"5b58c22\" data-element_type=\"section\" data-settings=\"{&quot;background_background&quot;:&quot;classic&quot;}\">\n\t\t\t\t\t\t\t<div class=\"elementor-background-overlay\"><\/div>\n\t\t\t\t\t\t\t<div class=\"elementor-container elementor-column-gap-wide\">\n\t\t\t\t\t<div class=\"elementor-column elementor-col-33 elementor-top-column elementor-element elementor-element-182da2b\" data-id=\"182da2b\" data-element_type=\"column\">\n\t\t\t<div class=\"elementor-widget-wrap elementor-element-populated\">\n\t\t\t\t\t\t<div class=\"elementor-element elementor-element-50a8a22 elementor-widget elementor-widget-image\" data-id=\"50a8a22\" data-element_type=\"widget\" data-widget_type=\"image.default\">\n\t\t\t\t<div class=\"elementor-widget-container\">\n\t\t\t\t\t\t\t\t\t\t\t\t\t<img fetchpriority=\"high\" decoding=\"async\" width=\"1024\" height=\"1024\" src=\"https:\/\/www.sifrainternational.com\/wp-content\/uploads\/2022\/11\/rivestimento-rulli-poliuretano-1024x1024.jpg\" class=\"attachment-large size-large wp-image-119\" alt=\"Polyurethan-Walzenbezug\" srcset=\"https:\/\/www.sifrainternational.com\/wp-content\/uploads\/2022\/11\/rivestimento-rulli-poliuretano-1024x1024.jpg 1024w, https:\/\/www.sifrainternational.com\/wp-content\/uploads\/2022\/11\/rivestimento-rulli-poliuretano-300x300.jpg 300w, https:\/\/www.sifrainternational.com\/wp-content\/uploads\/2022\/11\/rivestimento-rulli-poliuretano-150x150.jpg 150w, https:\/\/www.sifrainternational.com\/wp-content\/uploads\/2022\/11\/rivestimento-rulli-poliuretano-768x768.jpg 768w, https:\/\/www.sifrainternational.com\/wp-content\/uploads\/2022\/11\/rivestimento-rulli-poliuretano.jpg 1080w\" sizes=\"(max-width: 1024px) 100vw, 1024px\" \/>\t\t\t\t\t\t\t\t\t\t\t\t\t<\/div>\n\t\t\t\t<\/div>\n\t\t\t\t<div class=\"elementor-element elementor-element-7cf1ec6 elementor-widget elementor-widget-heading\" data-id=\"7cf1ec6\" data-element_type=\"widget\" data-widget_type=\"heading.default\">\n\t\t\t\t<div class=\"elementor-widget-container\">\n\t\t\t<h3 class=\"elementor-heading-title elementor-size-default\">Polyurethan-Walzenbeschichtungen<\/h3>\t\t<\/div>\n\t\t\t\t<\/div>\n\t\t\t\t<div class=\"elementor-element elementor-element-00e4e30 elementor-widget elementor-widget-text-editor\" data-id=\"00e4e30\" data-element_type=\"widget\" data-widget_type=\"text-editor.default\">\n\t\t\t\t<div class=\"elementor-widget-container\">\n\t\t\t\t\t\t\tPolyurethan-Beschichtungen von Rollen, R\u00e4dern, Platten und Blechen.\t\t\t\t\t\t<\/div>\n\t\t\t\t<\/div>\n\t\t\t\t<div class=\"elementor-element elementor-element-31aa99a elementor-widget elementor-widget-button\" data-id=\"31aa99a\" data-element_type=\"widget\" data-widget_type=\"button.default\">\n\t\t\t\t<div class=\"elementor-widget-container\">\n\t\t\t\t\t<div class=\"elementor-button-wrapper\">\n\t\t\t<a class=\"elementor-button elementor-button-link elementor-size-sm\" href=\"https:\/\/www.sifrainternational.com\/de\/polyurethanbeschichtungen\/\">\n\t\t\t\t\t\t<span class=\"elementor-button-content-wrapper\">\n\t\t\t\t\t\t\t\t\t<span class=\"elementor-button-text\">Weitere Informationen<\/span>\n\t\t\t\t\t<\/span>\n\t\t\t\t\t<\/a>\n\t\t<\/div>\n\t\t\t\t<\/div>\n\t\t\t\t<\/div>\n\t\t\t\t\t<\/div>\n\t\t<\/div>\n\t\t\t\t<div class=\"elementor-column elementor-col-33 elementor-top-column elementor-element elementor-element-d6b2e4f\" data-id=\"d6b2e4f\" data-element_type=\"column\">\n\t\t\t<div class=\"elementor-widget-wrap elementor-element-populated\">\n\t\t\t\t\t\t<div class=\"elementor-element elementor-element-70c5472 elementor-widget elementor-widget-image\" data-id=\"70c5472\" data-element_type=\"widget\" data-widget_type=\"image.default\">\n\t\t\t\t<div class=\"elementor-widget-container\">\n\t\t\t\t\t\t\t\t\t\t\t\t\t<img decoding=\"async\" width=\"1024\" height=\"1024\" src=\"https:\/\/www.sifrainternational.com\/wp-content\/uploads\/2022\/11\/rulli-gomma-1024x1024.jpg\" class=\"attachment-large size-large wp-image-114\" alt=\"Gummiwalzen\" srcset=\"https:\/\/www.sifrainternational.com\/wp-content\/uploads\/2022\/11\/rulli-gomma-1024x1024.jpg 1024w, https:\/\/www.sifrainternational.com\/wp-content\/uploads\/2022\/11\/rulli-gomma-300x300.jpg 300w, https:\/\/www.sifrainternational.com\/wp-content\/uploads\/2022\/11\/rulli-gomma-150x150.jpg 150w, https:\/\/www.sifrainternational.com\/wp-content\/uploads\/2022\/11\/rulli-gomma-768x768.jpg 768w, https:\/\/www.sifrainternational.com\/wp-content\/uploads\/2022\/11\/rulli-gomma.jpg 1080w\" sizes=\"(max-width: 1024px) 100vw, 1024px\" \/>\t\t\t\t\t\t\t\t\t\t\t\t\t<\/div>\n\t\t\t\t<\/div>\n\t\t\t\t<div class=\"elementor-element elementor-element-f40754a elementor-widget elementor-widget-heading\" data-id=\"f40754a\" data-element_type=\"widget\" data-widget_type=\"heading.default\">\n\t\t\t\t<div class=\"elementor-widget-container\">\n\t\t\t<h3 class=\"elementor-heading-title elementor-size-default\">Walzenbez\u00fcge in<br>Gummi<\/h3>\t\t<\/div>\n\t\t\t\t<\/div>\n\t\t\t\t<div class=\"elementor-element elementor-element-9b97916 elementor-widget elementor-widget-text-editor\" data-id=\"9b97916\" data-element_type=\"widget\" data-widget_type=\"text-editor.default\">\n\t\t\t\t<div class=\"elementor-widget-container\">\n\t\t\t\t\t\t\tGummibel\u00e4ge von Rollen, R\u00e4dern, Platten und Tellern.\t\t\t\t\t\t<\/div>\n\t\t\t\t<\/div>\n\t\t\t\t<div class=\"elementor-element elementor-element-c1f8b06 elementor-widget elementor-widget-button\" data-id=\"c1f8b06\" data-element_type=\"widget\" data-widget_type=\"button.default\">\n\t\t\t\t<div class=\"elementor-widget-container\">\n\t\t\t\t\t<div class=\"elementor-button-wrapper\">\n\t\t\t<a class=\"elementor-button elementor-button-link elementor-size-sm\" href=\"https:\/\/www.sifrainternational.com\/de\/gummibeschichtungen\/\">\n\t\t\t\t\t\t<span class=\"elementor-button-content-wrapper\">\n\t\t\t\t\t\t\t\t\t<span class=\"elementor-button-text\">Weitere Informationen<\/span>\n\t\t\t\t\t<\/span>\n\t\t\t\t\t<\/a>\n\t\t<\/div>\n\t\t\t\t<\/div>\n\t\t\t\t<\/div>\n\t\t\t\t\t<\/div>\n\t\t<\/div>\n\t\t\t\t<div class=\"elementor-column elementor-col-33 elementor-top-column elementor-element elementor-element-1e079db\" data-id=\"1e079db\" data-element_type=\"column\">\n\t\t\t<div class=\"elementor-widget-wrap elementor-element-populated\">\n\t\t\t\t\t\t<div class=\"elementor-element elementor-element-7c91694 elementor-widget elementor-widget-image\" data-id=\"7c91694\" data-element_type=\"widget\" data-widget_type=\"image.default\">\n\t\t\t\t<div class=\"elementor-widget-container\">\n\t\t\t\t\t\t\t\t\t\t\t\t\t<img decoding=\"async\" width=\"1024\" height=\"1024\" src=\"https:\/\/www.sifrainternational.com\/wp-content\/uploads\/2022\/12\/Poliuretano-a-spruzzo-1-1024x1024.jpg\" class=\"attachment-large size-large wp-image-662\" alt=\"Polyurethan spritzen 1\" srcset=\"https:\/\/www.sifrainternational.com\/wp-content\/uploads\/2022\/12\/Poliuretano-a-spruzzo-1-1024x1024.jpg 1024w, https:\/\/www.sifrainternational.com\/wp-content\/uploads\/2022\/12\/Poliuretano-a-spruzzo-1-300x300.jpg 300w, https:\/\/www.sifrainternational.com\/wp-content\/uploads\/2022\/12\/Poliuretano-a-spruzzo-1-150x150.jpg 150w, https:\/\/www.sifrainternational.com\/wp-content\/uploads\/2022\/12\/Poliuretano-a-spruzzo-1-768x768.jpg 768w, https:\/\/www.sifrainternational.com\/wp-content\/uploads\/2022\/12\/Poliuretano-a-spruzzo-1.jpg 1080w\" sizes=\"(max-width: 1024px) 100vw, 1024px\" \/>\t\t\t\t\t\t\t\t\t\t\t\t\t<\/div>\n\t\t\t\t<\/div>\n\t\t\t\t<div class=\"elementor-element elementor-element-317606a elementor-widget elementor-widget-heading\" data-id=\"317606a\" data-element_type=\"widget\" data-widget_type=\"heading.default\">\n\t\t\t\t<div class=\"elementor-widget-container\">\n\t\t\t<h3 class=\"elementor-heading-title elementor-size-default\">Polyurethan-Spr\u00fchbeschichtungen<\/h3>\t\t<\/div>\n\t\t\t\t<\/div>\n\t\t\t\t<div class=\"elementor-element elementor-element-44ba661 elementor-widget elementor-widget-text-editor\" data-id=\"44ba661\" data-element_type=\"widget\" data-widget_type=\"text-editor.default\">\n\t\t\t\t<div class=\"elementor-widget-container\">\n\t\t\t\t\t\t\t<p>Polyurethan-Spritzbeschichtungen f\u00fcr mechanisch und chemisch beanspruchte Bereiche von Artefakten.<\/p>\t\t\t\t\t\t<\/div>\n\t\t\t\t<\/div>\n\t\t\t\t<div class=\"elementor-element elementor-element-794eaa1 elementor-widget elementor-widget-button\" data-id=\"794eaa1\" data-element_type=\"widget\" data-widget_type=\"button.default\">\n\t\t\t\t<div class=\"elementor-widget-container\">\n\t\t\t\t\t<div class=\"elementor-button-wrapper\">\n\t\t\t<a class=\"elementor-button elementor-button-link elementor-size-sm\" href=\"https:\/\/www.sifrainternational.com\/de\/polyurethan-spruhsystem\/\">\n\t\t\t\t\t\t<span class=\"elementor-button-content-wrapper\">\n\t\t\t\t\t\t\t\t\t<span class=\"elementor-button-text\">Weitere Informationen<\/span>\n\t\t\t\t\t<\/span>\n\t\t\t\t\t<\/a>\n\t\t<\/div>\n\t\t\t\t<\/div>\n\t\t\t\t<\/div>\n\t\t\t\t\t<\/div>\n\t\t<\/div>\n\t\t\t\t\t<\/div>\n\t\t<\/section>\n\t\t\t\t<\/div>","protected":false},"excerpt":{"rendered":"<p>Gummi- und Polyurethanbeschichtungen Polyurethan-Walzenbeschichtungen f\u00fcr Walzen, R\u00e4der, Platten und Bleche. Erfahren Sie mehr Gummiwalzenbeschichtungen Gummibeschichtungen von Walzen, R\u00e4dern, Blechen und Platten. Erfahren Sie mehr Polyurethan-Spr\u00fchbeschichtungen Polyurethan-Spr\u00fchbeschichtungen f\u00fcr Bereiche von Industrieg\u00fctern, die mechanischem Verschlei\u00df ausgesetzt sind und [...]<\/p>","protected":false},"author":2,"featured_media":0,"parent":0,"menu_order":0,"comment_status":"closed","ping_status":"closed","template":"","meta":{"site-sidebar-layout":"no-sidebar","site-content-layout":"page-builder","ast-site-content-layout":"","site-content-style":"default","site-sidebar-style":"default","ast-global-header-display":"","ast-banner-title-visibility":"","ast-main-header-display":"","ast-hfb-above-header-display":"","ast-hfb-below-header-display":"","ast-hfb-mobile-header-display":"","site-post-title":"disabled","ast-breadcrumbs-content":"","ast-featured-img":"disabled","footer-sml-layout":"","theme-transparent-header-meta":"","adv-header-id-meta":"","stick-header-meta":"","header-above-stick-meta":"","header-main-stick-meta":"","header-below-stick-meta":"","astra-migrate-meta-layouts":"default","ast-page-background-enabled":"default","ast-page-background-meta":{"desktop":{"background-color":"var(--ast-global-color-4)","background-image":"","background-repeat":"repeat","background-position":"center center","background-size":"auto","background-attachment":"scroll","background-type":"","background-media":"","overlay-type":"","overlay-color":"","overlay-gradient":""},"tablet":{"background-color":"","background-image":"","background-repeat":"repeat","background-position":"center center","background-size":"auto","background-attachment":"scroll","background-type":"","background-media":"","overlay-type":"","overlay-color":"","overlay-gradient":""},"mobile":{"background-color":"","background-image":"","background-repeat":"repeat","background-position":"center center","background-size":"auto","background-attachment":"scroll","background-type":"","background-media":"","overlay-type":"","overlay-color":"","overlay-gradient":""}},"ast-content-background-meta":{"desktop":{"background-color":"var(--ast-global-color-5)","background-image":"","background-repeat":"repeat","background-position":"center center","background-size":"auto","background-attachment":"scroll","background-type":"","background-media":"","overlay-type":"","overlay-color":"","overlay-gradient":""},"tablet":{"background-color":"var(--ast-global-color-5)","background-image":"","background-repeat":"repeat","background-position":"center center","background-size":"auto","background-attachment":"scroll","background-type":"","background-media":"","overlay-type":"","overlay-color":"","overlay-gradient":""},"mobile":{"background-color":"var(--ast-global-color-5)","background-image":"","background-repeat":"repeat","background-position":"center center","background-size":"auto","background-attachment":"scroll","background-type":"","background-media":"","overlay-type":"","overlay-color":"","overlay-gradient":""}},"footnotes":""},"class_list":["post-314","page","type-page","status-publish","hentry"],"yoast_head":"<!-- This site is optimized with the Yoast SEO plugin v21.8.1 - https:\/\/yoast.com\/wordpress\/plugins\/seo\/ -->\n<title>Rivestimenti rulli - Sifra International<\/title>\n<meta name=\"robots\" content=\"index, follow, max-snippet:-1, max-image-preview:large, max-video-preview:-1\" \/>\n<link rel=\"canonical\" href=\"https:\/\/www.sifrainternational.com\/de\/walzenbezuge\/\" \/>\n<meta property=\"og:locale\" content=\"de_DE\" \/>\n<meta property=\"og:type\" content=\"article\" \/>\n<meta property=\"og:title\" content=\"Rivestimenti rulli - Sifra International\" \/>\n<meta property=\"og:description\" content=\"Rivestimenti in Gomma e Poliuretano Rivestimenti Rulli in Poliuretano Rivestimenti in poliuretano di rulli, ruote, lastre e piatti. Scopri di pi\u00f9 Rivestimenti Rulli inGomma Rivestimenti in gomma di rulli, ruote, lastre e piatti. Scopri di pi\u00f9 Rivestimenti in Poliuretano a Spruzzo Rivestimenti in poliuretano a spruzzo per zone di manufatti soggette ad usura meccanica e [&hellip;]\" \/>\n<meta property=\"og:url\" content=\"https:\/\/www.sifrainternational.com\/de\/walzenbezuge\/\" \/>\n<meta property=\"og:site_name\" content=\"Sifra International\" \/>\n<meta property=\"article:modified_time\" content=\"2023-03-22T08:39:42+00:00\" \/>\n<meta property=\"og:image\" content=\"https:\/\/www.sifrainternational.com\/wp-content\/uploads\/2022\/11\/rivestimento-rulli-poliuretano-1024x1024.jpg\" \/>\n<meta name=\"twitter:card\" content=\"summary_large_image\" \/>\n<meta name=\"twitter:label1\" content=\"Gesch\u00e4tzte Lesezeit\" \/>\n\t<meta name=\"twitter:data1\" content=\"1\u00a0Minute\" \/>\n<script type=\"application\/ld+json\" class=\"yoast-schema-graph\">{\"@context\":\"https:\/\/schema.org\",\"@graph\":[{\"@type\":\"WebPage\",\"@id\":\"https:\/\/www.sifrainternational.com\/rivestimenti-rulli\/\",\"url\":\"https:\/\/www.sifrainternational.com\/rivestimenti-rulli\/\",\"name\":\"Rivestimenti rulli - Sifra International\",\"isPartOf\":{\"@id\":\"https:\/\/www.sifrainternational.com\/#website\"},\"datePublished\":\"2022-12-10T10:25:40+00:00\",\"dateModified\":\"2023-03-22T08:39:42+00:00\",\"breadcrumb\":{\"@id\":\"https:\/\/www.sifrainternational.com\/rivestimenti-rulli\/#breadcrumb\"},\"inLanguage\":\"de\",\"potentialAction\":[{\"@type\":\"ReadAction\",\"target\":[\"https:\/\/www.sifrainternational.com\/rivestimenti-rulli\/\"]}]},{\"@type\":\"BreadcrumbList\",\"@id\":\"https:\/\/www.sifrainternational.com\/rivestimenti-rulli\/#breadcrumb\",\"itemListElement\":[{\"@type\":\"ListItem\",\"position\":1,\"name\":\"Home\",\"item\":\"https:\/\/www.sifrainternational.com\/\"},{\"@type\":\"ListItem\",\"position\":2,\"name\":\"Rivestimenti rulli\"}]},{\"@type\":\"WebSite\",\"@id\":\"https:\/\/www.sifrainternational.com\/#website\",\"url\":\"https:\/\/www.sifrainternational.com\/\",\"name\":\"Sifra International\",\"description\":\"\",\"publisher\":{\"@id\":\"https:\/\/www.sifrainternational.com\/#organization\"},\"alternateName\":\"Sifra International\",\"potentialAction\":[{\"@type\":\"SearchAction\",\"target\":{\"@type\":\"EntryPoint\",\"urlTemplate\":\"https:\/\/www.sifrainternational.com\/?s={search_term_string}\"},\"query-input\":\"required name=search_term_string\"}],\"inLanguage\":\"de\"},{\"@type\":\"Organization\",\"@id\":\"https:\/\/www.sifrainternational.com\/#organization\",\"name\":\"Sifra International\",\"url\":\"https:\/\/www.sifrainternational.com\/\",\"logo\":{\"@type\":\"ImageObject\",\"inLanguage\":\"de\",\"@id\":\"https:\/\/www.sifrainternational.com\/#\/schema\/logo\/image\/\",\"url\":\"https:\/\/www.sifrainternational.com\/wp-content\/uploads\/2022\/11\/logo_big.png\",\"contentUrl\":\"https:\/\/www.sifrainternational.com\/wp-content\/uploads\/2022\/11\/logo_big.png\",\"width\":491,\"height\":319,\"caption\":\"Sifra International\"},\"image\":{\"@id\":\"https:\/\/www.sifrainternational.com\/#\/schema\/logo\/image\/\"}}]}<\/script>\n<!-- \/ Yoast SEO plugin. -->","yoast_head_json":{"title":"Rivestimenti rulli - Sifra International","robots":{"index":"index","follow":"follow","max-snippet":"max-snippet:-1","max-image-preview":"max-image-preview:large","max-video-preview":"max-video-preview:-1"},"canonical":"https:\/\/www.sifrainternational.com\/de\/walzenbezuge\/","og_locale":"de_DE","og_type":"article","og_title":"Rivestimenti rulli - Sifra International","og_description":"Rivestimenti in Gomma e Poliuretano Rivestimenti Rulli in Poliuretano Rivestimenti in poliuretano di rulli, ruote, lastre e piatti. Scopri di pi\u00f9 Rivestimenti Rulli inGomma Rivestimenti in gomma di rulli, ruote, lastre e piatti. Scopri di pi\u00f9 Rivestimenti in Poliuretano a Spruzzo Rivestimenti in poliuretano a spruzzo per zone di manufatti soggette ad usura meccanica e [&hellip;]","og_url":"https:\/\/www.sifrainternational.com\/de\/walzenbezuge\/","og_site_name":"Sifra International","article_modified_time":"2023-03-22T08:39:42+00:00","og_image":[{"url":"https:\/\/www.sifrainternational.com\/wp-content\/uploads\/2022\/11\/rivestimento-rulli-poliuretano-1024x1024.jpg"}],"twitter_card":"summary_large_image","twitter_misc":{"Gesch\u00e4tzte Lesezeit":"1\u00a0Minute"},"schema":{"@context":"https:\/\/schema.org","@graph":[{"@type":"WebPage","@id":"https:\/\/www.sifrainternational.com\/rivestimenti-rulli\/","url":"https:\/\/www.sifrainternational.com\/rivestimenti-rulli\/","name":"Rivestimenti rulli - Sifra International","isPartOf":{"@id":"https:\/\/www.sifrainternational.com\/#website"},"datePublished":"2022-12-10T10:25:40+00:00","dateModified":"2023-03-22T08:39:42+00:00","breadcrumb":{"@id":"https:\/\/www.sifrainternational.com\/rivestimenti-rulli\/#breadcrumb"},"inLanguage":"de","potentialAction":[{"@type":"ReadAction","target":["https:\/\/www.sifrainternational.com\/rivestimenti-rulli\/"]}]},{"@type":"BreadcrumbList","@id":"https:\/\/www.sifrainternational.com\/rivestimenti-rulli\/#breadcrumb","itemListElement":[{"@type":"ListItem","position":1,"name":"Home","item":"https:\/\/www.sifrainternational.com\/"},{"@type":"ListItem","position":2,"name":"Rivestimenti rulli"}]},{"@type":"WebSite","@id":"https:\/\/www.sifrainternational.com\/#website","url":"https:\/\/www.sifrainternational.com\/","name":"Sifra International","description":"","publisher":{"@id":"https:\/\/www.sifrainternational.com\/#organization"},"alternateName":"Sifra International","potentialAction":[{"@type":"SearchAction","target":{"@type":"EntryPoint","urlTemplate":"https:\/\/www.sifrainternational.com\/?s={search_term_string}"},"query-input":"required name=search_term_string"}],"inLanguage":"de"},{"@type":"Organization","@id":"https:\/\/www.sifrainternational.com\/#organization","name":"Sifra International","url":"https:\/\/www.sifrainternational.com\/","logo":{"@type":"ImageObject","inLanguage":"de","@id":"https:\/\/www.sifrainternational.com\/#\/schema\/logo\/image\/","url":"https:\/\/www.sifrainternational.com\/wp-content\/uploads\/2022\/11\/logo_big.png","contentUrl":"https:\/\/www.sifrainternational.com\/wp-content\/uploads\/2022\/11\/logo_big.png","width":491,"height":319,"caption":"Sifra International"},"image":{"@id":"https:\/\/www.sifrainternational.com\/#\/schema\/logo\/image\/"}}]}},"_links":{"self":[{"href":"https:\/\/www.sifrainternational.com\/de\/wp-json\/wp\/v2\/pages\/314","targetHints":{"allow":["GET"]}}],"collection":[{"href":"https:\/\/www.sifrainternational.com\/de\/wp-json\/wp\/v2\/pages"}],"about":[{"href":"https:\/\/www.sifrainternational.com\/de\/wp-json\/wp\/v2\/types\/page"}],"author":[{"embeddable":true,"href":"https:\/\/www.sifrainternational.com\/de\/wp-json\/wp\/v2\/users\/2"}],"replies":[{"embeddable":true,"href":"https:\/\/www.sifrainternational.com\/de\/wp-json\/wp\/v2\/comments?post=314"}],"version-history":[{"count":63,"href":"https:\/\/www.sifrainternational.com\/de\/wp-json\/wp\/v2\/pages\/314\/revisions"}],"predecessor-version":[{"id":1061,"href":"https:\/\/www.sifrainternational.com\/de\/wp-json\/wp\/v2\/pages\/314\/revisions\/1061"}],"wp:attachment":[{"href":"https:\/\/www.sifrainternational.com\/de\/wp-json\/wp\/v2\/media?parent=314"}],"curies":[{"name":"wp","href":"https:\/\/api.w.org\/{rel}","templated":true}]}}